{"id":10,"date":"2023-02-05T12:27:35","date_gmt":"2023-02-05T12:27:35","guid":{"rendered":"https:\/\/sem-s-klangraum.de\/?page_id=10"},"modified":"2023-02-12T17:19:49","modified_gmt":"2023-02-12T17:19:49","slug":"klangmassagen","status":"publish","type":"page","link":"https:\/\/sem-s-klangraum.de\/?page_id=10","title":{"rendered":"Klangmassagen"},"content":{"rendered":"\n<p class=\"has-text-align-center\">Bei einer Klangmassage, werden Klangschalen auf und neben den&nbsp;bekleideten K\u00f6rper gestellt und behutsam angeschl\u00e4gelt. Verwendet werden dabei unterschiedliche Klangschalen, die zu den jeweiligen K\u00f6rperbereichen passen.&nbsp;<\/p>\n\n\n<div class=\"wp-block-image\">\n<figure class=\"aligncenter size-large is-resized\"><img decoding=\"async\" loading=\"lazy\" src=\"https:\/\/sem-s-klangraum.de\/wp-content\/uploads\/2023\/02\/Screenshot_20230212_164135_Photos1-1024x727.jpg\" alt=\"\" class=\"wp-image-408\" width=\"625\" height=\"444\" srcset=\"https:\/\/sem-s-klangraum.de\/wp-content\/uploads\/2023\/02\/Screenshot_20230212_164135_Photos1-1024x727.jpg 1024w, https:\/\/sem-s-klangraum.de\/wp-content\/uploads\/2023\/02\/Screenshot_20230212_164135_Photos1-300x213.jpg 300w, https:\/\/sem-s-klangraum.de\/wp-content\/uploads\/2023\/02\/Screenshot_20230212_164135_Photos1-768x545.jpg 768w, https:\/\/sem-s-klangraum.de\/wp-content\/uploads\/2023\/02\/Screenshot_20230212_164135_Photos1.jpg 1080w\" sizes=\"(max-width: 625px) 100vw, 625px\" \/><\/figure><\/div>\n\n\n<p class=\"has-text-align-center\">Vor jeder Anwendung zur Entspannung und zum Stressabbau wird ein Informations- und Beratungsgespr\u00e4ch gef\u00fchrt, damit ich die Klangmassage individuell f\u00fcr jeden Klienten gestalten kann. Im Anschluss findet ein kurzes Nachgespr\u00e4ch statt, welches dem Klienten die M\u00f6glichkeit gibt, seine Erfahrungen w\u00e4hrend der Klangmassage mitzuteilen. So k\u00f6nnen auch Ansatzpunkte f\u00fcr die nachfolgende Behandlung festgehalten werden.<\/p>\n\n\n<div class=\"wp-block-image\">\n<figure class=\"aligncenter size-large is-resized\"><img decoding=\"async\" loading=\"lazy\" src=\"https:\/\/sem-s-klangraum.de\/wp-content\/uploads\/2023\/02\/IMG-20200421-WA00861-768x1024.jpg\" alt=\"\" class=\"wp-image-171\" width=\"519\" height=\"692\" srcset=\"https:\/\/sem-s-klangraum.de\/wp-content\/uploads\/2023\/02\/IMG-20200421-WA00861-768x1023.jpg 768w, https:\/\/sem-s-klangraum.de\/wp-content\/uploads\/2023\/02\/IMG-20200421-WA00861-225x300.jpg 225w, https:\/\/sem-s-klangraum.de\/wp-content\/uploads\/2023\/02\/IMG-20200421-WA00861-1153x1536.jpg 1153w, https:\/\/sem-s-klangraum.de\/wp-content\/uploads\/2023\/02\/IMG-20200421-WA00861.jpg 1200w\" sizes=\"(max-width: 519px) 100vw, 519px\" \/><\/figure><\/div>\n\n\n<p><\/p>\n\n\n\n<p class=\"has-text-align-center\">Es gibt eine Basisklangmassage (ca. 40 Min.) f\u00fcr Entspannung \/ Tiefenentspannung und um den Klang bzw. die Klangmassage kennen zu lernen.<\/p>\n\n\n\n<p class=\"has-text-align-center\">Dar\u00fcber hinaus gibt es individuelle Klangmassagen, die zur F\u00f6rderung der Selbstheilungskr\u00e4fte beisteuern. Diese Art der Klangmassage wird individuell auf Sie abgestimmt.<\/p>\n\n\n<div class=\"wp-block-image\">\n<figure class=\"aligncenter size-large is-resized\"><img decoding=\"async\" loading=\"lazy\" src=\"https:\/\/sem-s-klangraum.de\/wp-content\/uploads\/2023\/02\/Screenshot_20230212_160152_Instagram1-edited.jpg\" alt=\"\" class=\"wp-image-440\" width=\"504\" height=\"807\" srcset=\"https:\/\/sem-s-klangraum.de\/wp-content\/uploads\/2023\/02\/Screenshot_20230212_160152_Instagram1-edited.jpg 1080w, https:\/\/sem-s-klangraum.de\/wp-content\/uploads\/2023\/02\/Screenshot_20230212_160152_Instagram1-edited-188x300.jpg 188w, https:\/\/sem-s-klangraum.de\/wp-content\/uploads\/2023\/02\/Screenshot_20230212_160152_Instagram1-edited-640x1024.jpg 640w, https:\/\/sem-s-klangraum.de\/wp-content\/uploads\/2023\/02\/Screenshot_20230212_160152_Instagram1-edited-768x1229.jpg 768w, https:\/\/sem-s-klangraum.de\/wp-content\/uploads\/2023\/02\/Screenshot_20230212_160152_Instagram1-edited-960x1536.jpg 960w\" sizes=\"(max-width: 504px) 100vw, 504px\" \/><\/figure><\/div>\n\n\n<p><\/p>\n\n\n\n<p class=\"has-text-align-center\">Klangmassagen k\u00f6nnen der Burnout-Prophylaxe dienen.<\/p>\n\n\n\n<p class=\"has-text-align-center\">Durch regelm\u00e4\u00dfige Klangmassagen wird Stress abgebaut und hilft Stress besser zu bew\u00e4ltigen. Die Selbstwahrnehmung wird gef\u00f6rdert und Genesungsprozesse werden unterst\u00fctzt und angeregt.<\/p>\n\n\n\n<p class=\"has-text-align-center\">F\u00fcr Stressabbau und F\u00f6rderung der Gesundheit k\u00f6nnen acht bis zehn Behandlungen im ein- oder zweiw\u00f6chigen Rhythmus ausreichen.<\/p>\n\n\n\n<p class=\"has-text-align-center\">Sie gewinnen mehr Lebensfreude und strahlen diese auch aus.<\/p>\n\n\n\n<p class=\"has-text-align-center\">\u201eAuftanken mit Klang\u201c<\/p>\n\n\n\n<p><\/p>\n","protected":false},"excerpt":{"rendered":"<p>Bei einer Klangmassage, werden Klangschalen auf und neben den&nbsp;bekleideten K\u00f6rper gestellt und behutsam angeschl\u00e4gelt. Verwendet werden dabei unterschiedliche Klangschalen, die zu den jeweiligen K\u00f6rperbereichen passen.&nbsp; Vor jeder Anwendung zur Entspannung [&hellip;]<\/p>\n","protected":false},"author":1,"featured_media":0,"parent":0,"menu_order":0,"comment_status":"closed","ping_status":"closed","template":"","meta":[],"_links":{"self":[{"href":"https:\/\/sem-s-klangraum.de\/index.php?rest_route=\/wp\/v2\/pages\/10"}],"collection":[{"href":"https:\/\/sem-s-klangraum.de\/index.php?rest_route=\/wp\/v2\/pages"}],"about":[{"href":"https:\/\/sem-s-klangraum.de\/index.php?rest_route=\/wp\/v2\/types\/page"}],"author":[{"embeddable":true,"href":"https:\/\/sem-s-klangraum.de\/index.php?rest_route=\/wp\/v2\/users\/1"}],"replies":[{"embeddable":true,"href":"https:\/\/sem-s-klangraum.de\/index.php?rest_route=%2Fwp%2Fv2%2Fcomments&post=10"}],"version-history":[{"count":12,"href":"https:\/\/sem-s-klangraum.de\/index.php?rest_route=\/wp\/v2\/pages\/10\/revisions"}],"predecessor-version":[{"id":442,"href":"https:\/\/sem-s-klangraum.de\/index.php?rest_route=\/wp\/v2\/pages\/10\/revisions\/442"}],"wp:attachment":[{"href":"https:\/\/sem-s-klangraum.de\/index.php?rest_route=%2Fwp%2Fv2%2Fmedia&parent=10"}],"curies":[{"name":"wp","href":"https:\/\/api.w.org\/{rel}","templated":true}]}}