{"id":13,"date":"2023-02-05T12:34:01","date_gmt":"2023-02-05T12:34:01","guid":{"rendered":"https:\/\/sem-s-klangraum.de\/?page_id=13"},"modified":"2023-02-06T12:33:22","modified_gmt":"2023-02-06T12:33:22","slug":"empfehlung","status":"publish","type":"page","link":"https:\/\/sem-s-klangraum.de\/?page_id=13","title":{"rendered":"Empfehlung"},"content":{"rendered":"\n<p class=\"has-text-align-center\">Sie haben bereits eine Klangmassage bei mir wahrgenommen und mich weiterempfohlen.<\/p>\n\n\n\n<figure class=\"wp-block-image size-large\"><img decoding=\"async\" loading=\"lazy\" width=\"1024\" height=\"768\" src=\"https:\/\/sem-s-klangraum.de\/wp-content\/uploads\/2023\/02\/IMG_9723-1024x768.jpg\" alt=\"\" class=\"wp-image-147\" srcset=\"https:\/\/sem-s-klangraum.de\/wp-content\/uploads\/2023\/02\/IMG_9723-1024x768.jpg 1024w, https:\/\/sem-s-klangraum.de\/wp-content\/uploads\/2023\/02\/IMG_9723-300x225.jpg 300w, https:\/\/sem-s-klangraum.de\/wp-content\/uploads\/2023\/02\/IMG_9723-768x576.jpg 768w, https:\/\/sem-s-klangraum.de\/wp-content\/uploads\/2023\/02\/IMG_9723-1536x1152.jpg 1536w, https:\/\/sem-s-klangraum.de\/wp-content\/uploads\/2023\/02\/IMG_9723-2048x1536.jpg 2048w\" sizes=\"(max-width: 1024px) 100vw, 1024px\" \/><\/figure>\n\n\n\n<p class=\"has-text-align-center\">Als Dankesch\u00f6n f\u00fcr eine erfolgreiche Weiterempfehlung einer Klangmassage, erhalten Sie einen Gutschein \u00fcber 5,-\u20ac.<\/p>\n\n\n\n<p class=\"has-text-align-center\">Dieser Gutschein kann f\u00fcr eine Klangmethode bei mir eingel\u00f6st werden.<\/p>\n\n\n\n<p class=\"has-text-align-center\">Nat\u00fcrlich d\u00fcrfen Sie Ihn auch weitergeben.<\/p>\n\n\n\n<p class=\"has-text-align-center\">Eine Barauszahlung ist leider nicht m\u00f6glich.<\/p>\n","protected":false},"excerpt":{"rendered":"<p>Sie haben bereits eine Klangmassage bei mir wahrgenommen und mich weiterempfohlen. Als Dankesch\u00f6n f\u00fcr eine erfolgreiche Weiterempfehlung einer Klangmassage, erhalten Sie einen Gutschein \u00fcber 5,-\u20ac. Dieser Gutschein kann f\u00fcr eine [&hellip;]<\/p>\n","protected":false},"author":1,"featured_media":0,"parent":0,"menu_order":0,"comment_status":"closed","ping_status":"closed","template":"","meta":[],"_links":{"self":[{"href":"https:\/\/sem-s-klangraum.de\/index.php?rest_route=\/wp\/v2\/pages\/13"}],"collection":[{"href":"https:\/\/sem-s-klangraum.de\/index.php?rest_route=\/wp\/v2\/pages"}],"about":[{"href":"https:\/\/sem-s-klangraum.de\/index.php?rest_route=\/wp\/v2\/types\/page"}],"author":[{"embeddable":true,"href":"https:\/\/sem-s-klangraum.de\/index.php?rest_route=\/wp\/v2\/users\/1"}],"replies":[{"embeddable":true,"href":"https:\/\/sem-s-klangraum.de\/index.php?rest_route=%2Fwp%2Fv2%2Fcomments&post=13"}],"version-history":[{"count":6,"href":"https:\/\/sem-s-klangraum.de\/index.php?rest_route=\/wp\/v2\/pages\/13\/revisions"}],"predecessor-version":[{"id":315,"href":"https:\/\/sem-s-klangraum.de\/index.php?rest_route=\/wp\/v2\/pages\/13\/revisions\/315"}],"wp:attachment":[{"href":"https:\/\/sem-s-klangraum.de\/index.php?rest_route=%2Fwp%2Fv2%2Fmedia&parent=13"}],"curies":[{"name":"wp","href":"https:\/\/api.w.org\/{rel}","templated":true}]}}