{"id":18,"date":"2023-02-05T12:38:34","date_gmt":"2023-02-05T12:38:34","guid":{"rendered":"https:\/\/sem-s-klangraum.de\/?page_id=18"},"modified":"2023-02-06T12:15:04","modified_gmt":"2023-02-06T12:15:04","slug":"ueber-mich","status":"publish","type":"page","link":"https:\/\/sem-s-klangraum.de\/?page_id=18","title":{"rendered":"\u00dcber Mich"},"content":{"rendered":"\n<p class=\"has-text-align-center\">Mein Name ist Sonja Eva-Maria John (geb. Thomalla) und ich bin 1978 in Duisburg geboren.<\/p>\n\n\n\n<p class=\"has-text-align-center\">Seit 1982 wohne ich in Moers. Hier arbeite ich derzeit in einer&nbsp;integrativen Kindertagesst\u00e4tte als Heilp\u00e4dagogin und Motop\u00e4din.<\/p>\n\n\n\n<p class=\"has-text-align-center\">2013 habe ich SEM\u2019s Klangraum er\u00f6ffnet. In diesem biete ich&nbsp;Klangmassagen, Klangreisen und verschiedene Klangmethoden an.<\/p>\n\n\n<div class=\"wp-block-image\">\n<figure class=\"aligncenter size-large is-resized\"><img decoding=\"async\" loading=\"lazy\" src=\"https:\/\/sem-s-klangraum.de\/wp-content\/uploads\/2023\/02\/Sonja-J.-6794-sw-683x1024.jpg\" alt=\"\" class=\"wp-image-174\" width=\"341\" height=\"511\" srcset=\"https:\/\/sem-s-klangraum.de\/wp-content\/uploads\/2023\/02\/Sonja-J.-6794-sw-683x1024.jpg 683w, https:\/\/sem-s-klangraum.de\/wp-content\/uploads\/2023\/02\/Sonja-J.-6794-sw-200x300.jpg 200w, https:\/\/sem-s-klangraum.de\/wp-content\/uploads\/2023\/02\/Sonja-J.-6794-sw-768x1152.jpg 768w, https:\/\/sem-s-klangraum.de\/wp-content\/uploads\/2023\/02\/Sonja-J.-6794-sw-1024x1536.jpg 1024w, https:\/\/sem-s-klangraum.de\/wp-content\/uploads\/2023\/02\/Sonja-J.-6794-sw-1365x2048.jpg 1365w, https:\/\/sem-s-klangraum.de\/wp-content\/uploads\/2023\/02\/Sonja-J.-6794-sw-scaled.jpg 1707w\" sizes=\"(max-width: 341px) 100vw, 341px\" \/><\/figure><\/div>\n\n\n<p><\/p>\n\n\n\n<p>Durch meine Ausbildungen habe ich selber schon&nbsp;viele positiven Erfahrungen mit den Klangschalen, Gong und den verschiedenen Kl\u00e4ngen machen d\u00fcrfen. <\/p>\n\n\n\n<p>Nach den Ausbildungen&nbsp;zur&nbsp;Klangpraktikerin und Klik-Expertin (Klingende Kommunikation)&nbsp; habe ich mich noch&nbsp;weiter auf den Weg zur \u201ePeter Hess-&nbsp;Klangp\u00e4dagogin\u201c (Peter Hess Lebensberaterin, Kinder-KLANGentspannungscoach) gemacht. Um&nbsp;meine Klienten, die neue L\u00f6sungen und Wege im Leben beschreiten wollen, liebevoll und l\u00f6sungsorientiert mit Kl\u00e4ngen begleiten zu k\u00f6nnen. <\/p>\n\n\n\n<p>Diese Begleitung bezieht&nbsp;sich&nbsp;vor allem auf wichtige Entscheidungs- und Ver\u00e4nderungsphasen im Leben, damit sie mehr\/neue Sicherheit gewinnen und ihre Ressourcen&nbsp;aktivieren k\u00f6nnen.<\/p>\n\n\n\n<figure class=\"wp-block-image size-large\"><img decoding=\"async\" loading=\"lazy\" width=\"1024\" height=\"768\" src=\"https:\/\/sem-s-klangraum.de\/wp-content\/uploads\/2023\/02\/IMG_0392-1024x768.jpg\" alt=\"\" class=\"wp-image-153\" srcset=\"https:\/\/sem-s-klangraum.de\/wp-content\/uploads\/2023\/02\/IMG_0392-1024x768.jpg 1024w, https:\/\/sem-s-klangraum.de\/wp-content\/uploads\/2023\/02\/IMG_0392-300x225.jpg 300w, https:\/\/sem-s-klangraum.de\/wp-content\/uploads\/2023\/02\/IMG_0392-768x576.jpg 768w, https:\/\/sem-s-klangraum.de\/wp-content\/uploads\/2023\/02\/IMG_0392-1536x1152.jpg 1536w, https:\/\/sem-s-klangraum.de\/wp-content\/uploads\/2023\/02\/IMG_0392-2048x1536.jpg 2048w\" sizes=\"(max-width: 1024px) 100vw, 1024px\" \/><\/figure>\n\n\n\n<p><\/p>\n\n\n\n<p class=\"has-text-align-center\">Ausbildungen: &nbsp; &nbsp; &nbsp;<br>&#8211; Erzieherin &nbsp; &nbsp; &nbsp;<br>&#8211; Kursleiterin &#8222;Starke Eltern &#8211; Starke Kinder&#8220; &nbsp; &nbsp;&nbsp;&nbsp;<br>&#8211; Heilp\u00e4dagogin &nbsp; &nbsp; &nbsp;<br>&#8211; \u00dcbungsleiterin C (Breitensport) &nbsp; &nbsp; <br>&nbsp;&#8211; Motop\u00e4din &nbsp; &nbsp; &nbsp;<br>&#8211; SI-Mototherapeutin &nbsp; &nbsp; &nbsp;<br>&#8211; Klangpraktikerin nach Peter Hess &nbsp; &nbsp; &nbsp;<br>&#8211; KliK-Expertin &nbsp;&nbsp;&nbsp;&nbsp; <br>&#8211; KliK-Workshopleiterin &nbsp; &nbsp; (live \/ online)&nbsp;<br>&#8211; Peter Hess-Klangp\u00e4dagogin &nbsp;&nbsp;&nbsp;&nbsp; <br>&#8211; Peter Hess-Lebensberaterin &nbsp;&nbsp;&nbsp;&nbsp; <br>&#8211; Peter Hess-Kinder-KLANGentspannungscoach &nbsp;&nbsp;&nbsp;&nbsp; <br>&#8211; Kennenlernkursleiterin &nbsp;&nbsp;&nbsp;&nbsp;<br> &#8211; Ern\u00e4hrungsberaterin<\/p>\n\n\n\n<figure class=\"wp-block-image size-large\"><img decoding=\"async\" loading=\"lazy\" width=\"1024\" height=\"768\" src=\"https:\/\/sem-s-klangraum.de\/wp-content\/uploads\/2023\/02\/IMG-20200421-WA00901-1024x768.jpg\" alt=\"\" class=\"wp-image-169\" srcset=\"https:\/\/sem-s-klangraum.de\/wp-content\/uploads\/2023\/02\/IMG-20200421-WA00901-1024x768.jpg 1024w, https:\/\/sem-s-klangraum.de\/wp-content\/uploads\/2023\/02\/IMG-20200421-WA00901-300x225.jpg 300w, https:\/\/sem-s-klangraum.de\/wp-content\/uploads\/2023\/02\/IMG-20200421-WA00901-768x576.jpg 768w, https:\/\/sem-s-klangraum.de\/wp-content\/uploads\/2023\/02\/IMG-20200421-WA00901-1536x1153.jpg 1536w, https:\/\/sem-s-klangraum.de\/wp-content\/uploads\/2023\/02\/IMG-20200421-WA00901.jpg 1599w\" sizes=\"(max-width: 1024px) 100vw, 1024px\" \/><\/figure>\n","protected":false},"excerpt":{"rendered":"<p>Mein Name ist Sonja Eva-Maria John (geb. Thomalla) und ich bin 1978 in Duisburg geboren. Seit 1982 wohne ich in Moers. Hier arbeite ich derzeit in einer&nbsp;integrativen Kindertagesst\u00e4tte als Heilp\u00e4dagogin [&hellip;]<\/p>\n","protected":false},"author":1,"featured_media":0,"parent":0,"menu_order":0,"comment_status":"closed","ping_status":"closed","template":"","meta":[],"_links":{"self":[{"href":"https:\/\/sem-s-klangraum.de\/index.php?rest_route=\/wp\/v2\/pages\/18"}],"collection":[{"href":"https:\/\/sem-s-klangraum.de\/index.php?rest_route=\/wp\/v2\/pages"}],"about":[{"href":"https:\/\/sem-s-klangraum.de\/index.php?rest_route=\/wp\/v2\/types\/page"}],"author":[{"embeddable":true,"href":"https:\/\/sem-s-klangraum.de\/index.php?rest_route=\/wp\/v2\/users\/1"}],"replies":[{"embeddable":true,"href":"https:\/\/sem-s-klangraum.de\/index.php?rest_route=%2Fwp%2Fv2%2Fcomments&post=18"}],"version-history":[{"count":11,"href":"https:\/\/sem-s-klangraum.de\/index.php?rest_route=\/wp\/v2\/pages\/18\/revisions"}],"predecessor-version":[{"id":301,"href":"https:\/\/sem-s-klangraum.de\/index.php?rest_route=\/wp\/v2\/pages\/18\/revisions\/301"}],"wp:attachment":[{"href":"https:\/\/sem-s-klangraum.de\/index.php?rest_route=%2Fwp%2Fv2%2Fmedia&parent=18"}],"curies":[{"name":"wp","href":"https:\/\/api.w.org\/{rel}","templated":true}]}}