{"id":226,"date":"2023-02-05T20:48:59","date_gmt":"2023-02-05T20:48:59","guid":{"rendered":"https:\/\/sem-s-klangraum.de\/?page_id=226"},"modified":"2023-02-06T12:28:33","modified_gmt":"2023-02-06T12:28:33","slug":"loesungsorientierte-klangberatung","status":"publish","type":"page","link":"https:\/\/sem-s-klangraum.de\/?page_id=226","title":{"rendered":"L\u00f6sungsorientierte Klangberatung"},"content":{"rendered":"\n<p class=\"has-text-align-center\">Neben Klangmassagen biete ich auch l\u00f6sungsorientierte Klangberatung an.<\/p>\n\n\n\n<figure class=\"wp-block-image\"><img decoding=\"async\" loading=\"lazy\" width=\"1024\" height=\"768\" src=\"https:\/\/sem-s-klangraum.de\/wp-content\/uploads\/2023\/02\/20130907_193916-1024x768.jpg\" alt=\"\" class=\"wp-image-157\" srcset=\"https:\/\/sem-s-klangraum.de\/wp-content\/uploads\/2023\/02\/20130907_193916-1024x768.jpg 1024w, https:\/\/sem-s-klangraum.de\/wp-content\/uploads\/2023\/02\/20130907_193916-300x225.jpg 300w, https:\/\/sem-s-klangraum.de\/wp-content\/uploads\/2023\/02\/20130907_193916-768x576.jpg 768w, https:\/\/sem-s-klangraum.de\/wp-content\/uploads\/2023\/02\/20130907_193916-1536x1152.jpg 1536w, https:\/\/sem-s-klangraum.de\/wp-content\/uploads\/2023\/02\/20130907_193916-2048x1536.jpg 2048w\" sizes=\"(max-width: 1024px) 100vw, 1024px\" \/><\/figure>\n\n\n\n<p class=\"has-text-align-center\">Verschiedene Klangmethoden unterst\u00fctzen den Klienten, mit den eigenen Ressourcen wieder in Kontakt zu treten und ziel- und Zukunfsgerichtete L\u00f6sungen zu finden.<\/p>\n\n\n\n<p><\/p>\n","protected":false},"excerpt":{"rendered":"<p>Neben Klangmassagen biete ich auch l\u00f6sungsorientierte Klangberatung an. Verschiedene Klangmethoden unterst\u00fctzen den Klienten, mit den eigenen Ressourcen wieder in Kontakt zu treten und ziel- und Zukunfsgerichtete L\u00f6sungen zu finden.<\/p>\n","protected":false},"author":1,"featured_media":0,"parent":0,"menu_order":0,"comment_status":"closed","ping_status":"closed","template":"","meta":[],"_links":{"self":[{"href":"https:\/\/sem-s-klangraum.de\/index.php?rest_route=\/wp\/v2\/pages\/226"}],"collection":[{"href":"https:\/\/sem-s-klangraum.de\/index.php?rest_route=\/wp\/v2\/pages"}],"about":[{"href":"https:\/\/sem-s-klangraum.de\/index.php?rest_route=\/wp\/v2\/types\/page"}],"author":[{"embeddable":true,"href":"https:\/\/sem-s-klangraum.de\/index.php?rest_route=\/wp\/v2\/users\/1"}],"replies":[{"embeddable":true,"href":"https:\/\/sem-s-klangraum.de\/index.php?rest_route=%2Fwp%2Fv2%2Fcomments&post=226"}],"version-history":[{"count":3,"href":"https:\/\/sem-s-klangraum.de\/index.php?rest_route=\/wp\/v2\/pages\/226\/revisions"}],"predecessor-version":[{"id":313,"href":"https:\/\/sem-s-klangraum.de\/index.php?rest_route=\/wp\/v2\/pages\/226\/revisions\/313"}],"wp:attachment":[{"href":"https:\/\/sem-s-klangraum.de\/index.php?rest_route=%2Fwp%2Fv2%2Fmedia&parent=226"}],"curies":[{"name":"wp","href":"https:\/\/api.w.org\/{rel}","templated":true}]}}