{"id":230,"date":"2023-02-05T20:54:47","date_gmt":"2023-02-05T20:54:47","guid":{"rendered":"https:\/\/sem-s-klangraum.de\/?page_id=230"},"modified":"2023-03-18T19:07:48","modified_gmt":"2023-03-18T19:07:48","slug":"klang-mit-kindern","status":"publish","type":"page","link":"https:\/\/sem-s-klangraum.de\/?page_id=230","title":{"rendered":"Klang mit Kindern"},"content":{"rendered":"\n<p class=\"has-text-align-center\">Ihr Kind lernt die Klangschale und den Gong spielerisch mit allen Sinnen kennen.<\/p>\n\n\n\n<figure class=\"wp-block-image\"><img decoding=\"async\" loading=\"lazy\" width=\"1024\" height=\"768\" src=\"https:\/\/sem-s-klangraum.de\/wp-content\/uploads\/2023\/02\/IMG_0343-1024x768.jpg\" alt=\"\" class=\"wp-image-48\" srcset=\"https:\/\/sem-s-klangraum.de\/wp-content\/uploads\/2023\/02\/IMG_0343-1024x768.jpg 1024w, https:\/\/sem-s-klangraum.de\/wp-content\/uploads\/2023\/02\/IMG_0343-300x225.jpg 300w, https:\/\/sem-s-klangraum.de\/wp-content\/uploads\/2023\/02\/IMG_0343-768x576.jpg 768w, https:\/\/sem-s-klangraum.de\/wp-content\/uploads\/2023\/02\/IMG_0343-1536x1152.jpg 1536w, https:\/\/sem-s-klangraum.de\/wp-content\/uploads\/2023\/02\/IMG_0343-2048x1536.jpg 2048w\" sizes=\"(max-width: 1024px) 100vw, 1024px\" \/><\/figure>\n\n\n\n<p class=\"has-text-align-center\">Die Kl\u00e4nge f\u00f6rdern die Selbstwahrnehmung und Konzentration Ihres Kindes. Ihr Kind kann mit Hilfe der Kl\u00e4nge in Kontakt mit sich selbst und Anderen treten. Dieses biete ich auch in kleinen Gruppen an.<\/p>\n\n\n<div class=\"wp-block-image\">\n<figure class=\"aligncenter size-large is-resized\"><img decoding=\"async\" src=\"https:\/\/sem-s-klangraum.de\/wp-content\/uploads\/2023\/02\/Screenshot_20230212_160051_Instagram1-edited-1.jpg\" alt=\"\" class=\"wp-image-420\" width=\"473\" srcset=\"https:\/\/sem-s-klangraum.de\/wp-content\/uploads\/2023\/02\/Screenshot_20230212_160051_Instagram1-edited-1.jpg 1920w, https:\/\/sem-s-klangraum.de\/wp-content\/uploads\/2023\/02\/Screenshot_20230212_160051_Instagram1-edited-1-300x169.jpg 300w, https:\/\/sem-s-klangraum.de\/wp-content\/uploads\/2023\/02\/Screenshot_20230212_160051_Instagram1-edited-1-1024x576.jpg 1024w, https:\/\/sem-s-klangraum.de\/wp-content\/uploads\/2023\/02\/Screenshot_20230212_160051_Instagram1-edited-1-768x432.jpg 768w, https:\/\/sem-s-klangraum.de\/wp-content\/uploads\/2023\/02\/Screenshot_20230212_160051_Instagram1-edited-1-1536x864.jpg 1536w\" sizes=\"(max-width: 1920px) 100vw, 1920px\" \/><\/figure><\/div>\n\n\n<p class=\"has-text-align-center\">Als Klangp\u00e4dagogin begleite ich Ihr Kind bei Lernproblemen und helfe L\u00f6sungen zu finden.<\/p>\n\n\n\n<figure class=\"is-layout-flex wp-block-gallery-1 wp-block-gallery has-nested-images columns-default is-cropped\">\n<figure class=\"wp-block-image size-large\"><img decoding=\"async\" loading=\"lazy\" width=\"1024\" height=\"761\" data-id=\"446\"  src=\"https:\/\/sem-s-klangraum.de\/wp-content\/uploads\/2023\/03\/Screenshot_20230226_131541_Photos1-1024x761.jpg\" alt=\"\" class=\"wp-image-446\" srcset=\"https:\/\/sem-s-klangraum.de\/wp-content\/uploads\/2023\/03\/Screenshot_20230226_131541_Photos1-1024x761.jpg 1024w, https:\/\/sem-s-klangraum.de\/wp-content\/uploads\/2023\/03\/Screenshot_20230226_131541_Photos1-300x223.jpg 300w, https:\/\/sem-s-klangraum.de\/wp-content\/uploads\/2023\/03\/Screenshot_20230226_131541_Photos1-768x571.jpg 768w, https:\/\/sem-s-klangraum.de\/wp-content\/uploads\/2023\/03\/Screenshot_20230226_131541_Photos1.jpg 1079w\" sizes=\"(max-width: 1024px) 100vw, 1024px\" \/><\/figure>\n<\/figure>\n\n\n\n<p><\/p>\n\n\n\n<p class=\"has-text-align-center\">Wir werden gemeinsam zu \u201eSchatzfindern\u201c und lernen die Ressourcen Ihres Kindes kennen.<\/p>\n\n\n<div class=\"wp-block-image\">\n<figure class=\"aligncenter size-large\"><img decoding=\"async\" loading=\"lazy\" width=\"1024\" height=\"485\" src=\"https:\/\/sem-s-klangraum.de\/wp-content\/uploads\/2023\/02\/20220818_1151071-1024x485.jpg\" alt=\"\" class=\"wp-image-358\" srcset=\"https:\/\/sem-s-klangraum.de\/wp-content\/uploads\/2023\/02\/20220818_1151071-1024x485.jpg 1024w, https:\/\/sem-s-klangraum.de\/wp-content\/uploads\/2023\/02\/20220818_1151071-300x142.jpg 300w, https:\/\/sem-s-klangraum.de\/wp-content\/uploads\/2023\/02\/20220818_1151071-768x364.jpg 768w, https:\/\/sem-s-klangraum.de\/wp-content\/uploads\/2023\/02\/20220818_1151071-1536x728.jpg 1536w, https:\/\/sem-s-klangraum.de\/wp-content\/uploads\/2023\/02\/20220818_1151071-2048x971.jpg 2048w\" sizes=\"(max-width: 1024px) 100vw, 1024px\" \/><\/figure><\/div>\n\n\n<p class=\"has-text-align-center\">Die Klangmassage hilft Ihrem Kind bei der F\u00f6rderung der Selbstheilungsprozesse.<\/p>\n","protected":false},"excerpt":{"rendered":"<p>Ihr Kind lernt die Klangschale und den Gong spielerisch mit allen Sinnen kennen. Die Kl\u00e4nge f\u00f6rdern die Selbstwahrnehmung und Konzentration Ihres Kindes. Ihr Kind kann mit Hilfe der Kl\u00e4nge in [&hellip;]<\/p>\n","protected":false},"author":1,"featured_media":0,"parent":0,"menu_order":0,"comment_status":"closed","ping_status":"closed","template":"","meta":[],"_links":{"self":[{"href":"https:\/\/sem-s-klangraum.de\/index.php?rest_route=\/wp\/v2\/pages\/230"}],"collection":[{"href":"https:\/\/sem-s-klangraum.de\/index.php?rest_route=\/wp\/v2\/pages"}],"about":[{"href":"https:\/\/sem-s-klangraum.de\/index.php?rest_route=\/wp\/v2\/types\/page"}],"author":[{"embeddable":true,"href":"https:\/\/sem-s-klangraum.de\/index.php?rest_route=\/wp\/v2\/users\/1"}],"replies":[{"embeddable":true,"href":"https:\/\/sem-s-klangraum.de\/index.php?rest_route=%2Fwp%2Fv2%2Fcomments&post=230"}],"version-history":[{"count":9,"href":"https:\/\/sem-s-klangraum.de\/index.php?rest_route=\/wp\/v2\/pages\/230\/revisions"}],"predecessor-version":[{"id":448,"href":"https:\/\/sem-s-klangraum.de\/index.php?rest_route=\/wp\/v2\/pages\/230\/revisions\/448"}],"wp:attachment":[{"href":"https:\/\/sem-s-klangraum.de\/index.php?rest_route=%2Fwp%2Fv2%2Fmedia&parent=230"}],"curies":[{"name":"wp","href":"https:\/\/api.w.org\/{rel}","templated":true}]}}