{"id":241,"date":"2023-02-05T21:10:20","date_gmt":"2023-02-05T21:10:20","guid":{"rendered":"https:\/\/sem-s-klangraum.de\/?page_id=241"},"modified":"2023-02-06T21:02:28","modified_gmt":"2023-02-06T21:02:28","slug":"klik-workshop","status":"publish","type":"page","link":"https:\/\/sem-s-klangraum.de\/?page_id=241","title":{"rendered":"KliK-Workshop"},"content":{"rendered":"\n<p class=\"has-text-align-center\">Klangschalen \u2013 Mit allen Sinnen spielen und lernen f\u00fcr Kinder von 3-5 Jahren.<\/p>\n\n\n\n<p class=\"has-text-align-center\">Ein Workshop f\u00fcr Erzieher, Lehrer, Eltern, Gro\u00dfeltern und alle, die Klangschalen mit Kindern nutzen m\u00f6chten.<\/p>\n\n\n\n<figure class=\"wp-block-image\"><img decoding=\"async\" loading=\"lazy\" width=\"1024\" height=\"768\" src=\"https:\/\/sem-s-klangraum.de\/wp-content\/uploads\/2023\/02\/IMG_0337-1024x768.jpg\" alt=\"\" class=\"wp-image-156\" srcset=\"https:\/\/sem-s-klangraum.de\/wp-content\/uploads\/2023\/02\/IMG_0337-1024x768.jpg 1024w, https:\/\/sem-s-klangraum.de\/wp-content\/uploads\/2023\/02\/IMG_0337-300x225.jpg 300w, https:\/\/sem-s-klangraum.de\/wp-content\/uploads\/2023\/02\/IMG_0337-768x576.jpg 768w, https:\/\/sem-s-klangraum.de\/wp-content\/uploads\/2023\/02\/IMG_0337-1536x1152.jpg 1536w, https:\/\/sem-s-klangraum.de\/wp-content\/uploads\/2023\/02\/IMG_0337-2048x1536.jpg 2048w\" sizes=\"(max-width: 1024px) 100vw, 1024px\" \/><\/figure>\n\n\n\n<p class=\"has-text-align-center\">In diesem Workshop lernen Sie die Klangschalen mit allen Sinnen kennen.<\/p>\n\n\n\n<p class=\"has-text-align-center\">Sie lernen F\u00f6rderspiele mit der Klangschale kennen, die mit Kindern wunderbar umzusetzen sind.<\/p>\n\n\n<div class=\"wp-block-image\">\n<figure class=\"aligncenter size-large is-resized\"><img decoding=\"async\" loading=\"lazy\" src=\"https:\/\/sem-s-klangraum.de\/wp-content\/uploads\/2023\/02\/Screenshot_20230206_214901_Photos1-711x1024.jpg\" alt=\"\" class=\"wp-image-375\" width=\"463\" height=\"667\" srcset=\"https:\/\/sem-s-klangraum.de\/wp-content\/uploads\/2023\/02\/Screenshot_20230206_214901_Photos1-711x1024.jpg 711w, https:\/\/sem-s-klangraum.de\/wp-content\/uploads\/2023\/02\/Screenshot_20230206_214901_Photos1-208x300.jpg 208w, https:\/\/sem-s-klangraum.de\/wp-content\/uploads\/2023\/02\/Screenshot_20230206_214901_Photos1-768x1105.jpg 768w, https:\/\/sem-s-klangraum.de\/wp-content\/uploads\/2023\/02\/Screenshot_20230206_214901_Photos1-1067x1536.jpg 1067w, https:\/\/sem-s-klangraum.de\/wp-content\/uploads\/2023\/02\/Screenshot_20230206_214901_Photos1.jpg 1079w\" sizes=\"(max-width: 463px) 100vw, 463px\" \/><figcaption class=\"wp-element-caption\">Den KliK-Workshop gebe ich auch online<\/figcaption><\/figure><\/div>\n\n\n<p class=\"has-text-align-center\">Jeder Kursteilnehmer bekommt ein Skript und eine Teilnahmebescheinigung \u00fcber den KliK-Workshop.<\/p>\n\n\n\n<p class=\"has-text-align-center\">Dieser Workshop Umfast 7 Unterrichtsstunden (\u00e0 45 Minuten)<\/p>\n\n\n<div class=\"wp-block-image\">\n<figure class=\"aligncenter size-large\"><img decoding=\"async\" loading=\"lazy\" width=\"1024\" height=\"768\" src=\"https:\/\/sem-s-klangraum.de\/wp-content\/uploads\/2023\/02\/IMG_0446-1024x768.jpg\" alt=\"\" class=\"wp-image-50\" srcset=\"https:\/\/sem-s-klangraum.de\/wp-content\/uploads\/2023\/02\/IMG_0446-1024x768.jpg 1024w, https:\/\/sem-s-klangraum.de\/wp-content\/uploads\/2023\/02\/IMG_0446-300x225.jpg 300w, https:\/\/sem-s-klangraum.de\/wp-content\/uploads\/2023\/02\/IMG_0446-768x576.jpg 768w, https:\/\/sem-s-klangraum.de\/wp-content\/uploads\/2023\/02\/IMG_0446-1536x1152.jpg 1536w, https:\/\/sem-s-klangraum.de\/wp-content\/uploads\/2023\/02\/IMG_0446-2048x1536.jpg 2048w\" sizes=\"(max-width: 1024px) 100vw, 1024px\" \/><\/figure><\/div>\n\n\n<p class=\"has-text-align-center\"><strong>Termine und Preise auf Anfrage<\/strong><\/p>\n\n\n\n<figure class=\"is-layout-flex wp-block-gallery-1 wp-block-gallery has-nested-images columns-default is-cropped\">\n<figure class=\"wp-block-image size-large\"><img decoding=\"async\" loading=\"lazy\" width=\"485\" height=\"1024\" data-id=\"356\"  src=\"https:\/\/sem-s-klangraum.de\/wp-content\/uploads\/2023\/02\/20220818_1331051-485x1024.jpg\" alt=\"\" class=\"wp-image-356\" srcset=\"https:\/\/sem-s-klangraum.de\/wp-content\/uploads\/2023\/02\/20220818_1331051-485x1024.jpg 485w, https:\/\/sem-s-klangraum.de\/wp-content\/uploads\/2023\/02\/20220818_1331051-142x300.jpg 142w, https:\/\/sem-s-klangraum.de\/wp-content\/uploads\/2023\/02\/20220818_1331051-768x1623.jpg 768w, https:\/\/sem-s-klangraum.de\/wp-content\/uploads\/2023\/02\/20220818_1331051-727x1536.jpg 727w, https:\/\/sem-s-klangraum.de\/wp-content\/uploads\/2023\/02\/20220818_1331051-969x2048.jpg 969w, https:\/\/sem-s-klangraum.de\/wp-content\/uploads\/2023\/02\/20220818_1331051-scaled.jpg 1211w\" sizes=\"(max-width: 485px) 100vw, 485px\" \/><\/figure>\n\n\n\n<figure class=\"wp-block-image size-large\"><img decoding=\"async\" loading=\"lazy\" width=\"723\" height=\"1024\" data-id=\"376\"  src=\"https:\/\/sem-s-klangraum.de\/wp-content\/uploads\/2023\/02\/Screenshot_20230206_214828_Photos1-723x1024.jpg\" alt=\"\" class=\"wp-image-376\" srcset=\"https:\/\/sem-s-klangraum.de\/wp-content\/uploads\/2023\/02\/Screenshot_20230206_214828_Photos1-723x1024.jpg 723w, https:\/\/sem-s-klangraum.de\/wp-content\/uploads\/2023\/02\/Screenshot_20230206_214828_Photos1-212x300.jpg 212w, https:\/\/sem-s-klangraum.de\/wp-content\/uploads\/2023\/02\/Screenshot_20230206_214828_Photos1-768x1088.jpg 768w, https:\/\/sem-s-klangraum.de\/wp-content\/uploads\/2023\/02\/Screenshot_20230206_214828_Photos1.jpg 1079w\" sizes=\"(max-width: 723px) 100vw, 723px\" \/><\/figure>\n\n\n\n<figure class=\"wp-block-image size-large\"><img decoding=\"async\" loading=\"lazy\" width=\"485\" height=\"1024\" data-id=\"357\"  src=\"https:\/\/sem-s-klangraum.de\/wp-content\/uploads\/2023\/02\/20220818_1331091-485x1024.jpg\" alt=\"\" class=\"wp-image-357\" srcset=\"https:\/\/sem-s-klangraum.de\/wp-content\/uploads\/2023\/02\/20220818_1331091-485x1024.jpg 485w, https:\/\/sem-s-klangraum.de\/wp-content\/uploads\/2023\/02\/20220818_1331091-142x300.jpg 142w, https:\/\/sem-s-klangraum.de\/wp-content\/uploads\/2023\/02\/20220818_1331091-768x1623.jpg 768w, https:\/\/sem-s-klangraum.de\/wp-content\/uploads\/2023\/02\/20220818_1331091-727x1536.jpg 727w, https:\/\/sem-s-klangraum.de\/wp-content\/uploads\/2023\/02\/20220818_1331091-969x2048.jpg 969w, https:\/\/sem-s-klangraum.de\/wp-content\/uploads\/2023\/02\/20220818_1331091-scaled.jpg 1211w\" sizes=\"(max-width: 485px) 100vw, 485px\" \/><\/figure>\n<\/figure>\n","protected":false},"excerpt":{"rendered":"<p>Klangschalen \u2013 Mit allen Sinnen spielen und lernen f\u00fcr Kinder von 3-5 Jahren. Ein Workshop f\u00fcr Erzieher, Lehrer, Eltern, Gro\u00dfeltern und alle, die Klangschalen mit Kindern nutzen m\u00f6chten. In diesem [&hellip;]<\/p>\n","protected":false},"author":1,"featured_media":0,"parent":0,"menu_order":0,"comment_status":"closed","ping_status":"closed","template":"","meta":[],"_links":{"self":[{"href":"https:\/\/sem-s-klangraum.de\/index.php?rest_route=\/wp\/v2\/pages\/241"}],"collection":[{"href":"https:\/\/sem-s-klangraum.de\/index.php?rest_route=\/wp\/v2\/pages"}],"about":[{"href":"https:\/\/sem-s-klangraum.de\/index.php?rest_route=\/wp\/v2\/types\/page"}],"author":[{"embeddable":true,"href":"https:\/\/sem-s-klangraum.de\/index.php?rest_route=\/wp\/v2\/users\/1"}],"replies":[{"embeddable":true,"href":"https:\/\/sem-s-klangraum.de\/index.php?rest_route=%2Fwp%2Fv2%2Fcomments&post=241"}],"version-history":[{"count":6,"href":"https:\/\/sem-s-klangraum.de\/index.php?rest_route=\/wp\/v2\/pages\/241\/revisions"}],"predecessor-version":[{"id":458,"href":"https:\/\/sem-s-klangraum.de\/index.php?rest_route=\/wp\/v2\/pages\/241\/revisions\/458"}],"wp:attachment":[{"href":"https:\/\/sem-s-klangraum.de\/index.php?rest_route=%2Fwp%2Fv2%2Fmedia&parent=241"}],"curies":[{"name":"wp","href":"https:\/\/api.w.org\/{rel}","templated":true}]}}