{"id":244,"date":"2023-02-05T21:29:37","date_gmt":"2023-02-05T21:29:37","guid":{"rendered":"https:\/\/sem-s-klangraum.de\/?page_id=244"},"modified":"2023-03-18T19:13:20","modified_gmt":"2023-03-18T19:13:20","slug":"klangveranstaltungen","status":"publish","type":"page","link":"https:\/\/sem-s-klangraum.de\/?page_id=244","title":{"rendered":"Klangveranstaltungen"},"content":{"rendered":"\n<p class=\"has-text-align-center\">\u00dcberall wo Kl\u00e4nge gut tun bzw. unterst\u00fctzen, komme ich Sie gerne mit meinen Klangschalen und Gongs besuchen.<\/p>\n\n\n\n<figure class=\"wp-block-image size-large\"><img decoding=\"async\" loading=\"lazy\" width=\"2560\" height=\"1707\" src=\"https:\/\/sem-s-klangraum.de\/wp-content\/uploads\/2023\/02\/20180317_110558-edited-2-scaled.jpg\" alt=\"\" class=\"wp-image-250\" srcset=\"https:\/\/sem-s-klangraum.de\/wp-content\/uploads\/2023\/02\/20180317_110558-edited-2-scaled.jpg 2560w, https:\/\/sem-s-klangraum.de\/wp-content\/uploads\/2023\/02\/20180317_110558-edited-2-300x200.jpg 300w, https:\/\/sem-s-klangraum.de\/wp-content\/uploads\/2023\/02\/20180317_110558-edited-2-1024x683.jpg 1024w, https:\/\/sem-s-klangraum.de\/wp-content\/uploads\/2023\/02\/20180317_110558-edited-2-768x512.jpg 768w, https:\/\/sem-s-klangraum.de\/wp-content\/uploads\/2023\/02\/20180317_110558-edited-2-1536x1024.jpg 1536w, https:\/\/sem-s-klangraum.de\/wp-content\/uploads\/2023\/02\/20180317_110558-edited-2-2048x1365.jpg 2048w\" sizes=\"(max-width: 2560px) 100vw, 2560px\" \/><\/figure>\n\n\n\n<p><\/p>\n\n\n\n<p class=\"has-text-align-center\">z.B.:<\/p>\n\n\n\n<p class=\"has-text-align-center\"><\/p>\n\n\n\n<figure class=\"is-layout-flex wp-block-gallery-1 wp-block-gallery has-nested-images columns-default is-cropped\">\n<figure class=\"wp-block-image size-large\"><img decoding=\"async\" loading=\"lazy\" width=\"1024\" height=\"765\" data-id=\"383\"  src=\"https:\/\/sem-s-klangraum.de\/wp-content\/uploads\/2023\/02\/Screenshot_20230206_221607_Photos1-1024x765.jpg\" alt=\"\" class=\"wp-image-383\" srcset=\"https:\/\/sem-s-klangraum.de\/wp-content\/uploads\/2023\/02\/Screenshot_20230206_221607_Photos1-1024x765.jpg 1024w, https:\/\/sem-s-klangraum.de\/wp-content\/uploads\/2023\/02\/Screenshot_20230206_221607_Photos1-300x224.jpg 300w, https:\/\/sem-s-klangraum.de\/wp-content\/uploads\/2023\/02\/Screenshot_20230206_221607_Photos1-768x574.jpg 768w, https:\/\/sem-s-klangraum.de\/wp-content\/uploads\/2023\/02\/Screenshot_20230206_221607_Photos1.jpg 1079w\" sizes=\"(max-width: 1024px) 100vw, 1024px\" \/><\/figure>\n\n\n\n<figure class=\"wp-block-image size-large\"><img decoding=\"async\" loading=\"lazy\" width=\"1024\" height=\"761\" data-id=\"382\"  src=\"https:\/\/sem-s-klangraum.de\/wp-content\/uploads\/2023\/02\/Screenshot_20230206_221626_Photos1-1024x761.jpg\" alt=\"\" class=\"wp-image-382\" srcset=\"https:\/\/sem-s-klangraum.de\/wp-content\/uploads\/2023\/02\/Screenshot_20230206_221626_Photos1-1024x761.jpg 1024w, https:\/\/sem-s-klangraum.de\/wp-content\/uploads\/2023\/02\/Screenshot_20230206_221626_Photos1-300x223.jpg 300w, https:\/\/sem-s-klangraum.de\/wp-content\/uploads\/2023\/02\/Screenshot_20230206_221626_Photos1-768x571.jpg 768w, https:\/\/sem-s-klangraum.de\/wp-content\/uploads\/2023\/02\/Screenshot_20230206_221626_Photos1.jpg 1079w\" sizes=\"(max-width: 1024px) 100vw, 1024px\" \/><\/figure>\n<figcaption class=\"blocks-gallery-caption wp-element-caption\"><strong>Bei einem M\u00e4rchenfest ein M\u00e4rchen mit Klangschalen und Gong begleite<\/strong>n<\/figcaption><\/figure>\n\n\n\n<p><\/p>\n\n\n\n<figure class=\"wp-block-image size-large\"><img decoding=\"async\" loading=\"lazy\" width=\"1024\" height=\"779\" src=\"https:\/\/sem-s-klangraum.de\/wp-content\/uploads\/2023\/02\/Screenshot_20230212_095958_Photos1-1024x779.jpg\" alt=\"\" class=\"wp-image-397\" srcset=\"https:\/\/sem-s-klangraum.de\/wp-content\/uploads\/2023\/02\/Screenshot_20230212_095958_Photos1-1024x779.jpg 1024w, https:\/\/sem-s-klangraum.de\/wp-content\/uploads\/2023\/02\/Screenshot_20230212_095958_Photos1-300x228.jpg 300w, https:\/\/sem-s-klangraum.de\/wp-content\/uploads\/2023\/02\/Screenshot_20230212_095958_Photos1-768x584.jpg 768w, https:\/\/sem-s-klangraum.de\/wp-content\/uploads\/2023\/02\/Screenshot_20230212_095958_Photos1.jpg 1079w\" sizes=\"(max-width: 1024px) 100vw, 1024px\" \/><figcaption class=\"wp-element-caption\"><strong>Klangreise in einer Kirchengemeinde<\/strong><\/figcaption><\/figure>\n\n\n\n<p><\/p>\n\n\n\n<figure class=\"is-layout-flex wp-block-gallery-3 wp-block-gallery has-nested-images columns-default is-cropped\">\n<figure class=\"wp-block-image size-large\"><img decoding=\"async\" loading=\"lazy\" width=\"1024\" height=\"1015\" data-id=\"401\"  src=\"https:\/\/sem-s-klangraum.de\/wp-content\/uploads\/2023\/02\/Screenshot_20230212_160128_Instagram1-1024x1015.jpg\" alt=\"\" class=\"wp-image-401\" srcset=\"https:\/\/sem-s-klangraum.de\/wp-content\/uploads\/2023\/02\/Screenshot_20230212_160128_Instagram1-1024x1015.jpg 1024w, https:\/\/sem-s-klangraum.de\/wp-content\/uploads\/2023\/02\/Screenshot_20230212_160128_Instagram1-300x297.jpg 300w, https:\/\/sem-s-klangraum.de\/wp-content\/uploads\/2023\/02\/Screenshot_20230212_160128_Instagram1-150x150.jpg 150w, https:\/\/sem-s-klangraum.de\/wp-content\/uploads\/2023\/02\/Screenshot_20230212_160128_Instagram1-768x761.jpg 768w, https:\/\/sem-s-klangraum.de\/wp-content\/uploads\/2023\/02\/Screenshot_20230212_160128_Instagram1.jpg 1080w\" sizes=\"(max-width: 1024px) 100vw, 1024px\" \/><\/figure>\n\n\n\n<figure class=\"wp-block-image size-large\"><img decoding=\"async\" loading=\"lazy\" width=\"1024\" height=\"1024\" data-id=\"400\"  src=\"https:\/\/sem-s-klangraum.de\/wp-content\/uploads\/2023\/02\/Screenshot_20230212_160138_Instagram1-1024x1024.jpg\" alt=\"\" class=\"wp-image-400\" srcset=\"https:\/\/sem-s-klangraum.de\/wp-content\/uploads\/2023\/02\/Screenshot_20230212_160138_Instagram1-1024x1024.jpg 1024w, https:\/\/sem-s-klangraum.de\/wp-content\/uploads\/2023\/02\/Screenshot_20230212_160138_Instagram1-300x300.jpg 300w, https:\/\/sem-s-klangraum.de\/wp-content\/uploads\/2023\/02\/Screenshot_20230212_160138_Instagram1-150x150.jpg 150w, https:\/\/sem-s-klangraum.de\/wp-content\/uploads\/2023\/02\/Screenshot_20230212_160138_Instagram1-768x769.jpg 768w, https:\/\/sem-s-klangraum.de\/wp-content\/uploads\/2023\/02\/Screenshot_20230212_160138_Instagram1.jpg 1075w\" sizes=\"(max-width: 1024px) 100vw, 1024px\" \/><\/figure>\n<figcaption class=\"blocks-gallery-caption wp-element-caption\"><strong>Klangentspannung im B\u00fcro<\/strong><\/figcaption><\/figure>\n\n\n\n<p><\/p>\n\n\n\n<figure class=\"is-layout-flex wp-block-gallery-5 wp-block-gallery has-nested-images columns-default is-cropped\">\n<figure class=\"wp-block-image size-large\"><img decoding=\"async\" loading=\"lazy\" width=\"1024\" height=\"767\" data-id=\"445\"  src=\"https:\/\/sem-s-klangraum.de\/wp-content\/uploads\/2023\/03\/Screenshot_20230213_100707_Photos21-1024x767.jpg\" alt=\"\" class=\"wp-image-445\" srcset=\"https:\/\/sem-s-klangraum.de\/wp-content\/uploads\/2023\/03\/Screenshot_20230213_100707_Photos21-1024x767.jpg 1024w, https:\/\/sem-s-klangraum.de\/wp-content\/uploads\/2023\/03\/Screenshot_20230213_100707_Photos21-300x225.jpg 300w, https:\/\/sem-s-klangraum.de\/wp-content\/uploads\/2023\/03\/Screenshot_20230213_100707_Photos21-768x575.jpg 768w, https:\/\/sem-s-klangraum.de\/wp-content\/uploads\/2023\/03\/Screenshot_20230213_100707_Photos21.jpg 1080w\" sizes=\"(max-width: 1024px) 100vw, 1024px\" \/><\/figure>\n\n\n\n<figure class=\"wp-block-image size-large\"><img decoding=\"async\" loading=\"lazy\" width=\"1024\" height=\"747\" data-id=\"450\"  src=\"https:\/\/sem-s-klangraum.de\/wp-content\/uploads\/2023\/03\/Screenshot_20230213_101106_Photos1-1024x747.jpg\" alt=\"\" class=\"wp-image-450\" srcset=\"https:\/\/sem-s-klangraum.de\/wp-content\/uploads\/2023\/03\/Screenshot_20230213_101106_Photos1-1024x747.jpg 1024w, https:\/\/sem-s-klangraum.de\/wp-content\/uploads\/2023\/03\/Screenshot_20230213_101106_Photos1-300x219.jpg 300w, https:\/\/sem-s-klangraum.de\/wp-content\/uploads\/2023\/03\/Screenshot_20230213_101106_Photos1-768x560.jpg 768w, https:\/\/sem-s-klangraum.de\/wp-content\/uploads\/2023\/03\/Screenshot_20230213_101106_Photos1.jpg 1080w\" sizes=\"(max-width: 1024px) 100vw, 1024px\" \/><\/figure>\n<figcaption class=\"blocks-gallery-caption wp-element-caption\"><strong>Klangworkshop bei einer Messe<\/strong><\/figcaption><\/figure>\n\n\n\n<p><\/p>\n\n\n\n<figure class=\"wp-block-image size-large\"><img decoding=\"async\" loading=\"lazy\" width=\"1024\" height=\"768\" src=\"https:\/\/sem-s-klangraum.de\/wp-content\/uploads\/2023\/02\/20181124_093452-1024x768.jpg\" alt=\"\" class=\"wp-image-251\" srcset=\"https:\/\/sem-s-klangraum.de\/wp-content\/uploads\/2023\/02\/20181124_093452-1024x768.jpg 1024w, https:\/\/sem-s-klangraum.de\/wp-content\/uploads\/2023\/02\/20181124_093452-300x225.jpg 300w, https:\/\/sem-s-klangraum.de\/wp-content\/uploads\/2023\/02\/20181124_093452-768x576.jpg 768w, https:\/\/sem-s-klangraum.de\/wp-content\/uploads\/2023\/02\/20181124_093452-1536x1152.jpg 1536w, https:\/\/sem-s-klangraum.de\/wp-content\/uploads\/2023\/02\/20181124_093452-2048x1536.jpg 2048w\" sizes=\"(max-width: 1024px) 100vw, 1024px\" \/><figcaption class=\"wp-element-caption\"><strong>Individuelle Wohlf\u00fchlworkshops f\u00fcr Gruppen<\/strong><\/figcaption><\/figure>\n\n\n\n<p><\/p>\n\n\n\n<figure class=\"wp-block-image\"><img decoding=\"async\" loading=\"lazy\" width=\"1024\" height=\"768\" src=\"https:\/\/sem-s-klangraum.de\/wp-content\/uploads\/2023\/02\/2015-04-10-09.38.59-1024x768.jpg\" alt=\"\" class=\"wp-image-165\" srcset=\"https:\/\/sem-s-klangraum.de\/wp-content\/uploads\/2023\/02\/2015-04-10-09.38.59-1024x768.jpg 1024w, https:\/\/sem-s-klangraum.de\/wp-content\/uploads\/2023\/02\/2015-04-10-09.38.59-300x225.jpg 300w, https:\/\/sem-s-klangraum.de\/wp-content\/uploads\/2023\/02\/2015-04-10-09.38.59-768x576.jpg 768w, https:\/\/sem-s-klangraum.de\/wp-content\/uploads\/2023\/02\/2015-04-10-09.38.59-1536x1152.jpg 1536w, https:\/\/sem-s-klangraum.de\/wp-content\/uploads\/2023\/02\/2015-04-10-09.38.59-2048x1536.jpg 2048w\" sizes=\"(max-width: 1024px) 100vw, 1024px\" \/><figcaption class=\"wp-element-caption\"><strong>Bei einer Beerdigung anstelle einer Orgel meine Klangschalen spielen<\/strong><\/figcaption><\/figure>\n\n\n\n<p class=\"has-text-align-center\"><\/p>\n\n\n<div class=\"wp-block-image\">\n<figure class=\"aligncenter size-large is-resized\"><img decoding=\"async\" loading=\"lazy\" src=\"https:\/\/sem-s-klangraum.de\/wp-content\/uploads\/2023\/02\/DSC03596-1024x681.jpg\" alt=\"\" class=\"wp-image-148\" width=\"414\" height=\"275\" srcset=\"https:\/\/sem-s-klangraum.de\/wp-content\/uploads\/2023\/02\/DSC03596-1024x681.jpg 1024w, https:\/\/sem-s-klangraum.de\/wp-content\/uploads\/2023\/02\/DSC03596-300x200.jpg 300w, https:\/\/sem-s-klangraum.de\/wp-content\/uploads\/2023\/02\/DSC03596-768x511.jpg 768w, https:\/\/sem-s-klangraum.de\/wp-content\/uploads\/2023\/02\/DSC03596-1536x1022.jpg 1536w, https:\/\/sem-s-klangraum.de\/wp-content\/uploads\/2023\/02\/DSC03596-2048x1363.jpg 2048w\" sizes=\"(max-width: 414px) 100vw, 414px\" \/><\/figure><\/div>\n\n\n<p class=\"has-text-align-center\"><strong>Preise und Termine auf Anfrage.<\/strong><\/p>\n","protected":false},"excerpt":{"rendered":"<p>\u00dcberall wo Kl\u00e4nge gut tun bzw. unterst\u00fctzen, komme ich Sie gerne mit meinen Klangschalen und Gongs besuchen. z.B.: Preise und Termine auf Anfrage.<\/p>\n","protected":false},"author":1,"featured_media":0,"parent":0,"menu_order":0,"comment_status":"closed","ping_status":"closed","template":"","meta":[],"_links":{"self":[{"href":"https:\/\/sem-s-klangraum.de\/index.php?rest_route=\/wp\/v2\/pages\/244"}],"collection":[{"href":"https:\/\/sem-s-klangraum.de\/index.php?rest_route=\/wp\/v2\/pages"}],"about":[{"href":"https:\/\/sem-s-klangraum.de\/index.php?rest_route=\/wp\/v2\/types\/page"}],"author":[{"embeddable":true,"href":"https:\/\/sem-s-klangraum.de\/index.php?rest_route=\/wp\/v2\/users\/1"}],"replies":[{"embeddable":true,"href":"https:\/\/sem-s-klangraum.de\/index.php?rest_route=%2Fwp%2Fv2%2Fcomments&post=244"}],"version-history":[{"count":17,"href":"https:\/\/sem-s-klangraum.de\/index.php?rest_route=\/wp\/v2\/pages\/244\/revisions"}],"predecessor-version":[{"id":451,"href":"https:\/\/sem-s-klangraum.de\/index.php?rest_route=\/wp\/v2\/pages\/244\/revisions\/451"}],"wp:attachment":[{"href":"https:\/\/sem-s-klangraum.de\/index.php?rest_route=%2Fwp%2Fv2%2Fmedia&parent=244"}],"curies":[{"name":"wp","href":"https:\/\/api.w.org\/{rel}","templated":true}]}}