{"id":347,"date":"2023-02-06T19:56:21","date_gmt":"2023-02-06T19:56:21","guid":{"rendered":"https:\/\/sem-s-klangraum.de\/?page_id=347"},"modified":"2023-02-06T19:56:21","modified_gmt":"2023-02-06T19:56:21","slug":"autogenes-training","status":"publish","type":"page","link":"https:\/\/sem-s-klangraum.de\/?page_id=347","title":{"rendered":"Autogenes Training"},"content":{"rendered":"\n<p class=\"has-text-align-center\">Autogenes Training ist eine Entspannungstechnik, die auf Autosuggestion basiert. Entwickelt wurde sie in den 20er Jahren des vorigen Jahrhunderts vom Berliner Psychiater Johannes Heinrich Schultz und ist heute eine popul\u00e4re und weltweit anerkannte Methode. <\/p>\n\n\n<div class=\"wp-block-image\">\n<figure class=\"aligncenter size-large\"><img decoding=\"async\" loading=\"lazy\" width=\"1024\" height=\"768\" src=\"https:\/\/sem-s-klangraum.de\/wp-content\/uploads\/2023\/02\/IMG-20200421-WA00601-1024x768.jpg\" alt=\"\" class=\"wp-image-348\" srcset=\"https:\/\/sem-s-klangraum.de\/wp-content\/uploads\/2023\/02\/IMG-20200421-WA00601-1024x768.jpg 1024w, https:\/\/sem-s-klangraum.de\/wp-content\/uploads\/2023\/02\/IMG-20200421-WA00601-300x225.jpg 300w, https:\/\/sem-s-klangraum.de\/wp-content\/uploads\/2023\/02\/IMG-20200421-WA00601-768x576.jpg 768w, https:\/\/sem-s-klangraum.de\/wp-content\/uploads\/2023\/02\/IMG-20200421-WA00601-1536x1153.jpg 1536w, https:\/\/sem-s-klangraum.de\/wp-content\/uploads\/2023\/02\/IMG-20200421-WA00601.jpg 1599w\" sizes=\"(max-width: 1024px) 100vw, 1024px\" \/><\/figure><\/div>\n\n\n<p class=\"has-text-align-center\">In den acht Unterrichtseinheiten werden die \u00dcbungen der Grundstufe, die weiterf\u00fchrenden formelhaften Vorsatzbildungen und verschiedene Entspannungs- und Wahrnehmungs\u00fcbungen praktiziert. <\/p>\n\n\n\n<p class=\"has-text-align-center\">Die Kursleiterin ist Heilp\u00e4dagogin, Klangp\u00e4dagogin nach Peter Hess und Trainerin f\u00fcr Autogenes Training.<br>Bitte mitbringen: bequeme Kleidung, dicke Socken, Decke, Kissen und Wasser.<\/p>\n\n\n\n<p class=\"has-text-align-center\"><strong>Termine und Preise auf Anfrage<\/strong><\/p>\n","protected":false},"excerpt":{"rendered":"<p>Autogenes Training ist eine Entspannungstechnik, die auf Autosuggestion basiert. Entwickelt wurde sie in den 20er Jahren des vorigen Jahrhunderts vom Berliner Psychiater Johannes Heinrich Schultz und ist heute eine popul\u00e4re [&hellip;]<\/p>\n","protected":false},"author":1,"featured_media":0,"parent":0,"menu_order":0,"comment_status":"closed","ping_status":"closed","template":"","meta":[],"_links":{"self":[{"href":"https:\/\/sem-s-klangraum.de\/index.php?rest_route=\/wp\/v2\/pages\/347"}],"collection":[{"href":"https:\/\/sem-s-klangraum.de\/index.php?rest_route=\/wp\/v2\/pages"}],"about":[{"href":"https:\/\/sem-s-klangraum.de\/index.php?rest_route=\/wp\/v2\/types\/page"}],"author":[{"embeddable":true,"href":"https:\/\/sem-s-klangraum.de\/index.php?rest_route=\/wp\/v2\/users\/1"}],"replies":[{"embeddable":true,"href":"https:\/\/sem-s-klangraum.de\/index.php?rest_route=%2Fwp%2Fv2%2Fcomments&post=347"}],"version-history":[{"count":1,"href":"https:\/\/sem-s-klangraum.de\/index.php?rest_route=\/wp\/v2\/pages\/347\/revisions"}],"predecessor-version":[{"id":349,"href":"https:\/\/sem-s-klangraum.de\/index.php?rest_route=\/wp\/v2\/pages\/347\/revisions\/349"}],"wp:attachment":[{"href":"https:\/\/sem-s-klangraum.de\/index.php?rest_route=%2Fwp%2Fv2%2Fmedia&parent=347"}],"curies":[{"name":"wp","href":"https:\/\/api.w.org\/{rel}","templated":true}]}}