{"id":8,"date":"2023-02-05T12:26:07","date_gmt":"2023-02-05T12:26:07","guid":{"rendered":"https:\/\/sem-s-klangraum.de\/?page_id=8"},"modified":"2023-02-06T12:13:46","modified_gmt":"2023-02-06T12:13:46","slug":"home","status":"publish","type":"page","link":"https:\/\/sem-s-klangraum.de\/","title":{"rendered":"Home"},"content":{"rendered":"\n<p class=\"has-text-align-center\">Der Klang der Klangschalen ber\u00fchrt unser Innerstes.<\/p>\n\n\n\n<p class=\"has-text-align-center\">Er bringt die Seele zum Schwingen.<\/p>\n\n\n\n<p class=\"has-text-align-center\">Er l\u00f6st Spannungen, mobilisiert die Selbstheilungskr\u00e4fte und setzt sch\u00f6pferische Energien frei.<\/p>\n\n\n\n<p class=\"has-text-align-center\">Peter Hess<\/p>\n\n\n\n<p><\/p>\n\n\n<div class=\"wp-block-image\">\n<figure class=\"aligncenter size-full is-resized\"><img decoding=\"async\" loading=\"lazy\" src=\"https:\/\/sem-s-klangraum.de\/wp-content\/uploads\/2023\/02\/IMG_0378.jpg\" alt=\"\" class=\"wp-image-159\" width=\"346\" height=\"340\"\/><\/figure><\/div>\n\n\n<p><\/p>\n\n\n\n<p><\/p>\n\n\n\n<p class=\"has-text-align-center has-vivid-green-cyan-color has-text-color has-large-font-size\"><strong>Herzlich Willkommen<\/strong><\/p>\n\n\n\n<p class=\"has-text-align-center has-vivid-green-cyan-color has-text-color has-medium-font-size\"><strong>auf meiner Homepage<\/strong><\/p>\n\n\n\n<p><\/p>\n\n\n\n<p><\/p>\n\n\n<div class=\"wp-block-image\">\n<figure class=\"aligncenter size-large is-resized\"><img decoding=\"async\" loading=\"lazy\" src=\"https:\/\/sem-s-klangraum.de\/wp-content\/uploads\/2023\/02\/20130908_124130-1024x768.jpg\" alt=\"\" class=\"wp-image-158\" width=\"620\" height=\"465\" srcset=\"https:\/\/sem-s-klangraum.de\/wp-content\/uploads\/2023\/02\/20130908_124130-1024x768.jpg 1024w, https:\/\/sem-s-klangraum.de\/wp-content\/uploads\/2023\/02\/20130908_124130-300x225.jpg 300w, https:\/\/sem-s-klangraum.de\/wp-content\/uploads\/2023\/02\/20130908_124130-768x576.jpg 768w, https:\/\/sem-s-klangraum.de\/wp-content\/uploads\/2023\/02\/20130908_124130-1536x1152.jpg 1536w, https:\/\/sem-s-klangraum.de\/wp-content\/uploads\/2023\/02\/20130908_124130-2048x1536.jpg 2048w\" sizes=\"(max-width: 620px) 100vw, 620px\" \/><\/figure><\/div>\n\n\n<p><\/p>\n\n\n\n<p><\/p>\n\n\n\n<p class=\"has-text-align-center has-medium-font-size\"><strong>Kennenlernangebot<\/strong><\/p>\n\n\n\n<p class=\"has-text-align-center\">R\u00fcckenklangmassage zur Entspannung<\/p>\n\n\n\n<p class=\"has-text-align-center\">Ca. 30 Min. *30,-\u20ac<\/p>\n\n\n\n<p><\/p>\n\n\n\n<p><\/p>\n","protected":false},"excerpt":{"rendered":"<p>Der Klang der Klangschalen ber\u00fchrt unser Innerstes. Er bringt die Seele zum Schwingen. Er l\u00f6st Spannungen, mobilisiert die Selbstheilungskr\u00e4fte und setzt sch\u00f6pferische Energien frei. Peter Hess Herzlich Willkommen auf meiner [&hellip;]<\/p>\n","protected":false},"author":1,"featured_media":0,"parent":0,"menu_order":0,"comment_status":"closed","ping_status":"closed","template":"","meta":[],"_links":{"self":[{"href":"https:\/\/sem-s-klangraum.de\/index.php?rest_route=\/wp\/v2\/pages\/8"}],"collection":[{"href":"https:\/\/sem-s-klangraum.de\/index.php?rest_route=\/wp\/v2\/pages"}],"about":[{"href":"https:\/\/sem-s-klangraum.de\/index.php?rest_route=\/wp\/v2\/types\/page"}],"author":[{"embeddable":true,"href":"https:\/\/sem-s-klangraum.de\/index.php?rest_route=\/wp\/v2\/users\/1"}],"replies":[{"embeddable":true,"href":"https:\/\/sem-s-klangraum.de\/index.php?rest_route=%2Fwp%2Fv2%2Fcomments&post=8"}],"version-history":[{"count":14,"href":"https:\/\/sem-s-klangraum.de\/index.php?rest_route=\/wp\/v2\/pages\/8\/revisions"}],"predecessor-version":[{"id":300,"href":"https:\/\/sem-s-klangraum.de\/index.php?rest_route=\/wp\/v2\/pages\/8\/revisions\/300"}],"wp:attachment":[{"href":"https:\/\/sem-s-klangraum.de\/index.php?rest_route=%2Fwp%2Fv2%2Fmedia&parent=8"}],"curies":[{"name":"wp","href":"https:\/\/api.w.org\/{rel}","templated":true}]}}